{"id":129,"date":"2021-07-30T13:30:27","date_gmt":"2021-07-30T13:30:27","guid":{"rendered":"https:\/\/www.moneywayscorp.com\/?page_id=129"},"modified":"2021-08-13T21:01:32","modified_gmt":"2021-08-13T21:01:32","slug":"servicios","status":"publish","type":"page","link":"https:\/\/www.moneywayscorp.com\/index.php\/servicios\/","title":{"rendered":"Servicios"},"content":{"rendered":"<div id=\"pl-gb129-69f9dbb4a85a4\"  class=\"panel-layout\" ><div id=\"pg-gb129-69f9dbb4a85a4-0\"  class=\"panel-grid panel-has-style\" ><div class=\"siteorigin-panels-stretch panel-row-style panel-row-style-for-gb129-69f9dbb4a85a4-0\" data-stretch-type=\"full-width-stretch\" ><div id=\"pgc-gb129-69f9dbb4a85a4-0-0\"  class=\"panel-grid-cell\" ><div id=\"panel-gb129-69f9dbb4a85a4-0-0-0\" class=\"so-panel widget widget_sow-hero panel-first-child panel-last-child\" data-index=\"0\" ><div\n\t\t\t\n\t\t\tclass=\"so-widget-sow-hero so-widget-sow-hero-default-4ce505b3e00b-129 so-widget-fittext-wrapper\"\n\t\t\t data-fit-text-compressor=\"0.85\"\n\t\t>\t\t\t\t<div class=\"sow-slider-base\" style=\"display: none\" tabindex=\"0\">\n\t\t\t\t\t<ul\n\t\t\t\t\tclass=\"sow-slider-images\"\n\t\t\t\t\tdata-settings=\"{&quot;pagination&quot;:true,&quot;speed&quot;:800,&quot;timeout&quot;:8000,&quot;paused&quot;:false,&quot;pause_on_hover&quot;:false,&quot;swipe&quot;:true,&quot;nav_always_show_desktop&quot;:&quot;&quot;,&quot;nav_always_show_mobile&quot;:&quot;&quot;,&quot;breakpoint&quot;:&quot;780px&quot;,&quot;unmute&quot;:false,&quot;anchor&quot;:null}\"\n\t\t\t\t\tstyle=\"min-height: 200px\"\t\t\t\t\tdata-anchor-id=\"\"\n\t\t\t\t>\t\t<li class=\"sow-slider-image  sow-slider-image-cover\" style=\"visibility: visible;;background-color: #444444\" >\n\t\t\t\t\t<div class=\"sow-slider-image-container\">\n\t\t\t<div class=\"sow-slider-image-wrapper\">\n\t\t\t\t<h1 style=\"text-align: center\">Servicios<\/h1>\n\t\t\t<\/div>\n\t\t<\/div>\n\t\t<div class=\"sow-slider-image-overlay sow-slider-image-cover\" style=\"opacity: 0.84;background-image: url(https:\/\/www.moneywayscorp.com\/wp-content\/uploads\/2021\/08\/servicio-MWCorp.png)\"  ><\/div>\t\t<\/li>\n\t\t<\/ul>\t\t\t\t<ol class=\"sow-slider-pagination\">\n\t\t\t\t\t\t\t\t\t\t\t<li><a href=\"#\" data-goto=\"0\" aria-label=\"Display slide 1\"><\/a><\/li>\n\t\t\t\t\t\t\t\t\t<\/ol>\n\n\t\t\t\t<div class=\"sow-slide-nav sow-slide-nav-next\">\n\t\t\t\t\t<a href=\"#\" data-goto=\"next\" aria-label=\"Next slide\" data-action=\"next\">\n\t\t\t\t\t\t<em class=\"sow-sld-icon-thin-right\"><\/em>\n\t\t\t\t\t<\/a>\n\t\t\t\t<\/div>\n\n\t\t\t\t<div class=\"sow-slide-nav sow-slide-nav-prev\">\n\t\t\t\t\t<a href=\"#\" data-goto=\"previous\" aria-label=\"Previous slide\" data-action=\"prev\">\n\t\t\t\t\t\t<em class=\"sow-sld-icon-thin-left\"><\/em>\n\t\t\t\t\t<\/a>\n\t\t\t\t<\/div>\n\t\t\t\t<\/div><\/div><\/div><\/div><\/div><\/div><div id=\"pg-gb129-69f9dbb4a85a4-1\"  class=\"panel-grid panel-has-style\" ><div class=\"siteorigin-panels-stretch panel-row-style panel-row-style-for-gb129-69f9dbb4a85a4-1\" data-stretch-type=\"full\" ><div id=\"pgc-gb129-69f9dbb4a85a4-1-0\"  class=\"panel-grid-cell\" ><div id=\"panel-gb129-69f9dbb4a85a4-1-0-0\" class=\"so-panel widget widget_sow-editor panel-first-child panel-last-child\" data-index=\"1\" ><div\n\t\t\t\n\t\t\tclass=\"so-widget-sow-editor so-widget-sow-editor-base\"\n\t\t\t\n\t\t>\n<div class=\"siteorigin-widget-tinymce textwidget\">\n\t<p>La plataforma Moneyways, desarrollada bajo el concepto BPM, Gesti\u00f3n de procesos de negocio, asegura el correcto procesamiento de todas las transacciones y operaciones en tiempo real, efect\u00faa el seguimiento de principio a fin, verificando las normas regulatorias y de cumplimiento internacionales, y adem\u00e1s,\u00a0 ofrece una de las mejores tasas del mercado.<\/p>\n<p>Esta soluci\u00f3n permite el alojamiento de todas las operaciones en la nube y\u00a0 consolida la oficina sin papel.<\/p>\n<p>Servicios disponibles para nuestros afiliados actualmente:<\/p>\n<ul>\n<li>Emisi\u00f3n de transferencias.<\/li>\n<li>Recepci\u00f3n de pagos, v\u00eda Zelle, dep\u00f3sito y transferencias.<\/li>\n<li>Entrega de efectivo, gracias a las alianzas establecidas con banco locales<\/li>\n<li>Pagos entre afiliados a la plataforma.<\/li>\n<\/ul>\n<\/div>\n<\/div><\/div><\/div><div id=\"pgc-gb129-69f9dbb4a85a4-1-1\"  class=\"panel-grid-cell\" ><div id=\"panel-gb129-69f9dbb4a85a4-1-1-0\" class=\"so-panel widget widget_sow-image panel-first-child panel-last-child\" data-index=\"2\" ><div class=\"panel-widget-style panel-widget-style-for-gb129-69f9dbb4a85a4-1-1-0\" ><div\n\t\t\t\n\t\t\tclass=\"so-widget-sow-image so-widget-sow-image-default-c67d20f9f743-129\"\n\t\t\t\n\t\t>\n<div class=\"sow-image-container\">\n\t\t<img loading=\"lazy\" decoding=\"async\" src=\"https:\/\/www.moneywayscorp.com\/wp-content\/uploads\/2021\/08\/SERVICIOS-interna-387x307px.png\" width=\"387\" height=\"307\" srcset=\"https:\/\/www.moneywayscorp.com\/wp-content\/uploads\/2021\/08\/SERVICIOS-interna-387x307px.png 387w, https:\/\/www.moneywayscorp.com\/wp-content\/uploads\/2021\/08\/SERVICIOS-interna-387x307px-300x238.png 300w\" sizes=\"auto, (max-width: 387px) 100vw, 387px\" title=\"SERVICIOS interna 387x307px\" alt=\"\" \t\tclass=\"so-widget-image\"\/>\n\t<\/div>\n\n<\/div><\/div><\/div><\/div><\/div><\/div><\/div>","protected":false},"excerpt":{"rendered":"<p>La plataforma Moneyways, desarrollada bajo el concepto BPM, Gesti\u00f3n de procesos de negocio, asegura el correcto procesamiento de todas las transacciones y operaciones en tiempo real, efect\u00faa el seguimiento de principio a fin, verificando las normas regulatorias y de cumplimiento internacionales, y adem\u00e1s,\u00a0 ofrece una de las mejores tasas del mercado. Esta soluci\u00f3n permite el [&hellip;]<\/p>\n","protected":false},"author":1,"featured_media":0,"parent":0,"menu_order":0,"comment_status":"closed","ping_status":"closed","template":"","meta":{"footnotes":""},"class_list":["post-129","page","type-page","status-publish","hentry","post"],"_links":{"self":[{"href":"https:\/\/www.moneywayscorp.com\/index.php\/wp-json\/wp\/v2\/pages\/129","targetHints":{"allow":["GET"]}}],"collection":[{"href":"https:\/\/www.moneywayscorp.com\/index.php\/wp-json\/wp\/v2\/pages"}],"about":[{"href":"https:\/\/www.moneywayscorp.com\/index.php\/wp-json\/wp\/v2\/types\/page"}],"author":[{"embeddable":true,"href":"https:\/\/www.moneywayscorp.com\/index.php\/wp-json\/wp\/v2\/users\/1"}],"replies":[{"embeddable":true,"href":"https:\/\/www.moneywayscorp.com\/index.php\/wp-json\/wp\/v2\/comments?post=129"}],"version-history":[{"count":15,"href":"https:\/\/www.moneywayscorp.com\/index.php\/wp-json\/wp\/v2\/pages\/129\/revisions"}],"predecessor-version":[{"id":379,"href":"https:\/\/www.moneywayscorp.com\/index.php\/wp-json\/wp\/v2\/pages\/129\/revisions\/379"}],"wp:attachment":[{"href":"https:\/\/www.moneywayscorp.com\/index.php\/wp-json\/wp\/v2\/media?parent=129"}],"curies":[{"name":"wp","href":"https:\/\/api.w.org\/{rel}","templated":true}]}}